{"id":4420,"date":"2018-07-09T09:56:34","date_gmt":"2018-07-09T09:56:34","guid":{"rendered":"http:\/\/www.fundaciosorigue.com\/?page_id=4420"},"modified":"2018-07-09T12:02:12","modified_gmt":"2018-07-09T12:02:12","slug":"legal-notice","status":"publish","type":"page","link":"https:\/\/fundaciosorigue.com\/en\/legal-notice\/","title":{"rendered":"Legal notice"},"content":{"rendered":"<p>Las presentes condiciones regulan el uso y contenido del servicio del Portal de Internet (en adelante, Portal o P\u00e1gina web o Web) de la FUNDACI\u00d3 PRIVADA SORIGU\u00c9, (en adelante, FUNDACI\u00d3 SORIGU\u00c9) pone a disposici\u00f3n de los usuarios de Internet.<\/p>\n<p>&nbsp;<\/p>\n<h2 class=\"\">DATOS GENERALES<\/h2>\n<p>De conformidad con el art\u00edculo 10 de la Ley 34\/2002, de 11 de julio, de Servicios de la Sociedad de la Informaci\u00f3n y de Comercio Electr\u00f3nico, ponemos a su disposici\u00f3n los datos relativos al titular de la p\u00e1gina web que est\u00e1 visitando.<\/p>\n<p>&nbsp;<\/p>\n<p>FUNDACI\u00d3 SORIGU\u00c9, S.A.U. (de ahora en adelante FUNDACI\u00d3 SORIGU\u00c9) es la titular de la p\u00e1gina web accesible desde el dominio www.fundaciosorigue.com. FUNDACI\u00d3 SORIGU\u00c9 es una fundaci\u00f3n con domicilio en calle Alcalde Pujol, 2 bis, 25006 L\u00e9rida con CIF G25047069. Inscrita en el Registro de Fundaciones Privadas de Catalunya con el n\u00famero 213. \u00a0Nuestros datos de contacto son correo <a href=\"mailto:info@fundaciosorigue.com\">info@fundaciosorigue.com<\/a> o tel\u00e9fono +34 901 020 002.<\/p>\n<p>&nbsp;<\/p>\n<p>En esta p\u00e1gina web, se encuentran una serie de contenidos que con car\u00e1cter informativo se presentan para mostrar la actividad que la fundaci\u00f3n lleva a cabo y los servicios que ofrece. El principal objetivo de este Portal, es facilitar al p\u00fablico, informaci\u00f3n relativa a nuestras actividades, nuestros espacios, nuestros servicios y permitir el contacto de estos agentes externos con la misma.<\/p>\n<p>&nbsp;<\/p>\n<p>En esta p\u00e1gina web podr\u00e1 encontrar elementos sometidos a protecci\u00f3n por la normativa de propiedad intelectual y el derecho de marcas. Por favor consulte el contenido relativo a este punto en nuestras condiciones.<\/p>\n<p>&nbsp;<\/p>\n<p>Nuestra p\u00e1gina web, dispone de un apartado de Contacto, donde puede identificar nuestro directorio completo de instalaciones y datos de contacto. Por favor cons\u00faltelo en caso de querer ponerse en contacto con nosotros.<\/p>\n<p>&nbsp;<\/p>\n<p>Disponemos adem\u00e1s de un apartado \u201cHazte amigo\u201d. En el podr\u00e1 darse de alta en nuestro directorio para estar informado de todas las noticias, eventos y exhibiciones que realizamos. Por favor consulta nuestra pol\u00edtica de privacidad.<\/p>\n<p>&nbsp;<\/p>\n<h2 class=\"\">POL\u00cdTICA DE PRIVACIDAD<\/h2>\n<p>En cumplimiento de lo dispuesto en el Reglamento UE 2016\/679, de 27 de abril relativo a la protecci\u00f3n de las personas f\u00edsicas en lo que respecta al tratamiento de datos personales y a la libre circulaci\u00f3n de estos datos y por el que se deroga la Directiva 95\/46\/CE (Reglamento general de protecci\u00f3n de datos) as\u00ed como la normativa de privacidad vigente en cada momento, \u00a0se informa al usuario que todos los datos personales que pueden ser tratados a trav\u00e9s de la presente p\u00e1gina web as\u00ed como elementos incorporados a la misma \u2013cookies o redes sociales-, son tratados conforme a las disposiciones establecidas en la citada normativa.<\/p>\n<p>&nbsp;<\/p>\n<p>Siempre se va a respetar la confidencialidad de sus datos personales. Sus datos s\u00f3lo ser\u00e1n utilizados con la finalidad de gestionar las solicitudes que pudiera hacernos y ofrecerle informaci\u00f3n precisa sobre nuestras actividades y servicios. A trav\u00e9s de nuestra p\u00e1gina web, puedes realizar reservas y comprar entradas. Por favor consulta la pol\u00edtica establecida al respecto.<\/p>\n<p>&nbsp;<\/p>\n<p>FUNDACI\u00d3 SORIGU\u00c9 ha establecido una pol\u00edtica de privacidad junto con unas pol\u00edticas asociadas a la normativa de referencia, que est\u00e1 disponible en esta p\u00e1gina web. Por favor consulte estas pol\u00edticas para obtener mayor informaci\u00f3n. Si lo desea puede ponerse en contacto con nosotros en el siguiente correo electr\u00f3nico, donde resolveremos sus dudas respecto a pol\u00edtica de datos personales. rgpd@sorigue.com<\/p>\n<p>&nbsp;<\/p>\n<h2 class=\"\">CONDICIONES DE USO<\/h2>\n<p>El acceso a esta p\u00e1gina web es libre y gratuito. El acceso y utilizaci\u00f3n del Portal atribuye por defecto la condici\u00f3n de Usuario del mismo (en adelante, Usuario) e implica la aceptaci\u00f3n de todas las condiciones, sin reserva alguna por su parte, incluidas en este Aviso Legal, de aquellas otras contenidas en nuestra Pol\u00edtica de Privacidad y Pol\u00edtica de Cookies, y las que puedan derivarse de la normativa vigente y que no se contemplan expresamente en el presente aviso. Por favor consulte siempre en nuestra web las pol\u00edticas asociadas.<\/p>\n<p>&nbsp;<\/p>\n<p>Las condiciones de acceso y uso del presente sitio web se rigen por la legalidad vigente y por el principio de buena fe comprometi\u00e9ndose el usuario a realizar un buen uso de la web. No se permiten conductas que vayan contra la ley, los derechos o intereses de terceros.<\/p>\n<p>Ser usuario de la web de FUNDACI\u00d3 SORIGU\u00c9 implica que reconoce haber le\u00eddo y aceptado las presentes condiciones y lo que las extienda la normativa legal aplicable en esta materia. Si por el motivo que fuere no est\u00e1 de acuerdo con estas condiciones no contin\u00fae usando esta web. Cualquier tipo de notificaci\u00f3n y\/o reclamaci\u00f3n solamente ser\u00e1 v\u00e1lida por notificaci\u00f3n escrita y\/o correo certificado. Cualquier duda o consulta que tenga, por favor rem\u00edtanosla por correo electr\u00f3nico a <a href=\"mailto:rgpd@sorigue.com\">rgpd@sorigue.com<\/a><\/p>\n<p>&nbsp;<\/p>\n<p>Las condiciones que rigen los diferentes servicios disponibles en esta web est\u00e1n sujetas, entre otras, a la siguiente normativa, en la parte que resulte de aplicaci\u00f3n: Ley 34\/2002, de 11 de julio, de Servicios de la Sociedad de la Informaci\u00f3n y Comercio Electr\u00f3nico; Reglamento UE 2016\/679, de 27 de abril relativo a la protecci\u00f3n de las personas f\u00edsicas en lo que respecta al tratamiento de datos personales y a la libre circulaci\u00f3n de estos datos y por el que se deroga la Directiva 95\/46\/CE (Reglamento general de protecci\u00f3n de datos) as\u00ed como la normativa de privacidad vigente en cada momento, Real Decreto Ley 1\/2007, de 16 de Noviembre, que aprueba el Texto Refundido de la Ley General para la Defensa de Consumidores y Usuarios y otras Leyes complementaria; como la normativa de propiedad intelectual o normativa del derecho de marcas.<\/p>\n<p>&nbsp;<\/p>\n<h2 class=\"\">Reservas y ventas de entradas<\/h2>\n<p>Desde FUNDACI\u00d3 SORIGU\u00c9 hemos puesto en marcha, junto con nuestro proveedor CLORIAN, un servicio de reserva online, para facilitar el acceso a nuestros espacios y exposiciones. Es importante que leas con detenimiento el proceso de compra-reserva y la pol\u00edtica de devoluciones presentes.<\/p>\n<p>&nbsp;<\/p>\n<p>Cuando decides utilizar este servicio, te sometes a las condiciones establecidas. Por favor antes de acceder a usar este servicio, consulta la Pol\u00edtica Legal establecida. Si tienes cualquier duda consulta con nosotros en el correo electr\u00f3nico info@fundaciosorigue.com<\/p>\n<p>Redes sociales<\/p>\n<p>&nbsp;<\/p>\n<p>FUNDACI\u00d3 SORIGU\u00c9 se encuentra presente en redes sociales a las que puede acceder desde nuestra p\u00e1gina web. Twitter\u00ae, Instagram\u00ae, Pinterest\u00ae y Vimeo\u00ae. Cuando un usuario accede a las mismas, sale de nuestra plataforma y pasa a estar sometido a las condiciones establecidas por el prestador de la red social. Por favor, lea detenidamente las condiciones establecidas antes de aceptar el acceso y uso de las redes.<\/p>\n<p>&nbsp;<\/p>\n<p>Cuando un usuario introduzca informaci\u00f3n o elementos en las redes sociales, implicando a nuestros perfiles corporativos, y esta informaci\u00f3n sea contraria a la pol\u00edtica de nuestra empresa, o sea contraria a la legislaci\u00f3n nacional o internacional, derechos de terceros o la moral y el orden p\u00fablico, se proceder\u00e1 a su retirada de manera inmediata. FUNDACI\u00d3 SORIGU\u00c9 no se hace responsable de la informaci\u00f3n y contenidos almacenados en foros, redes sociales o cualesquiera otros medios que permita a terceros publicar contenidos de forma independiente en la p\u00e1gina web del prestador.<\/p>\n<p>&nbsp;<\/p>\n<h2 class=\"\">RESPONSABILIDADES<\/h2>\n<p>Los contenidos de esta p\u00e1gina son de car\u00e1cter general, con la finalidad de informar de nuestros espacios, de nuestras actividades y servicios que ofrecemos al p\u00fablico en general.<\/p>\n<p>&nbsp;<\/p>\n<p>FUNDACI\u00d3 SORIGU\u00c9 no se responsabiliza de las decisiones tomadas a partir de la informaci\u00f3n suministrada en el Portal ni de los da\u00f1os y perjuicios producidos en el Usuario o terceros con motivo de actuaciones que tengan como \u00fanico fundamento la informaci\u00f3n obtenida en el Portal.<\/p>\n<p>&nbsp;<\/p>\n<p>Los Usuarios deben mantener la adecuada disponibilidad y seguridad de los elementos empleados para navegar por internet. FUNDACI\u00d3 SORIGU\u00c9 no ser\u00e1 responsable de los da\u00f1os y perjuicios que se produzcan por fallos o malas configuraciones del software instalado en el ordenador del internauta. El acceso al Portal requiere de servicios y suministros de terceros, incluidos el transporte a trav\u00e9s de redes de telecomunicaciones cuya fiabilidad, calidad, continuidad y funcionamiento no corresponde a FUNDACI\u00d3 SORIGU\u00c9.<\/p>\n<p>FUNDACI\u00d3 SORIGU\u00c9 no asume responsabilidad sobre el uso continuado y disponibilidad de esta plataforma web. No se garantiza la inexistencia de interrupciones o errores en el acceso al sitio web. As\u00ed mismo, FUNDACI\u00d3 SORIGU\u00c9 se reserva el derecho a actualizar, modificar o eliminar la informaci\u00f3n contenida en su p\u00e1gina web, as\u00ed como la configuraci\u00f3n o presentaci\u00f3n del mismo, en cualquier momento sin asumir alguna responsabilidad por ello.<\/p>\n<p>&nbsp;<\/p>\n<p>FUNDACI\u00d3 SORIGU\u00c9 no asume responsabilidad alguna sobre la disponibilidad o funcionalidad de la secci\u00f3n web relativa a la reserva y venta de entradas. En todo caso, se garantiza la disponibilidad de este servicio ante fallos o ca\u00eddas del servicio, mediante el env\u00edo de correo electr\u00f3nico a <a href=\"mailto:info@fundaciosorigue.com\">info@fundaciosorigue.com<\/a><\/p>\n<p>&nbsp;<\/p>\n<p>Cuando existiera informaci\u00f3n sobre cualquier precio que pueda ver en nuestra web ser\u00e1 solamente orientativo y no vinculante. Si el usuario desea saber con exactitud precios u otros aspectos de nuestros espacios o actividades, deber\u00e1 contactar por alguno de los medios establecidos en nuestra secci\u00f3n de contacto.<\/p>\n<p>&nbsp;<\/p>\n<p>FUNDACI\u00d3 SORIGU\u00c9 no se hace responsable de la mala utilizaci\u00f3n del portal por parte de los usuarios, de la continuidad del servicio web, de los contenidos ofrecidos por otras webs o aplicaciones a las que se pueda acceder desde nuestro portal.<\/p>\n<p>&nbsp;<\/p>\n<h2 class=\"\">PROPIEDAD INTELECTUAL E INDUSTRIAL<\/h2>\n<p>FUNDACI\u00d3 SORIGU\u00c9 es titular o dispone de la correspondiente licencia o cesi\u00f3n de uso sobre los diferentes contenidos presentes en esta p\u00e1gina web, entre los que se incluyen \u2013a modo meramente enunciativo- las marcas, textos, fotograf\u00edas, gr\u00e1ficos, links, audiovisuales, dibujos, dise\u00f1os, software, c\u00f3digo fuente e informaciones incorporadas al efecto, expuestos a lo largo del Portal Web. Quedan excepcionados los derechos sobre productos y servicios de car\u00e1cter p\u00fablico que no son propiedad de esta fundaci\u00f3n. Todos los productos y servicios incorporados a esta p\u00e1gina que NO son propiedad de FUNDACI\u00d3 SORIGU\u00c9, son marcas registradas o elementos que disfrutan de derechos de propiedad intelectual, de sus respectivos propietarios y son reconocidas como tales por nuestra fundaci\u00f3n. Solamente aparecen en la web a efectos de promoci\u00f3n y de recopilaci\u00f3n de informaci\u00f3n o para visualizar autores o exposiciones presentes en nuestros espacios. Estos propietarios pueden solicitar la modificaci\u00f3n o eliminaci\u00f3n de la informaci\u00f3n que les pertenece.<\/p>\n<p>&nbsp;<\/p>\n<p>Es posible que en nuestra p\u00e1gina se promocione a alg\u00fan artista. Cuando esto suceda, todas las im\u00e1genes y elementos presentados, est\u00e1n sometidos a derechos de propiedad intelectual. Esto significa que, si un usuario quiere hacer uso de los mismos, debe ponerse en contacto con nosotros y consultar los derechos existentes. Por favor, no copies. Podemos ayudarte a respetar los derechos de los autores que promocionamos.<\/p>\n<p>&nbsp;<\/p>\n<p>El mero hecho de que un elemento aparezca en la presente web, no significa cesi\u00f3n de uso al usuario o una concesi\u00f3n publica del elemento. No se cede la titularidad de los elementos ni derecho de explotaci\u00f3n alguno, a excepci\u00f3n de los propios y necesarios para visualizar los elementos. Ning\u00fan material publicado en esta web podr\u00e1 ser reproducido, copiado o publicado sin el consentimiento por escrito de FUNDACI\u00d3 SORIGU\u00c9.<\/p>\n<p>&nbsp;<\/p>\n<p>Con car\u00e1cter meramente enunciativo, y no limitativo o excluyente, se proh\u00edbe a los usuarios del Portal:<\/p>\n<p>\u2013 Explotar comercialmente los contenidos del Portal, incluyendo en esta prohibici\u00f3n los productos derivados tras su modificaci\u00f3n, copia o reutilizaci\u00f3n,<\/p>\n<p>\u2013 Reproducir, copiar, extraer, transformar o reutilizar para uso privado o explotaci\u00f3n comercial, aquellos contenidos considerados como dise\u00f1o gr\u00e1fico, c\u00f3digo fuente, software o base de datos.<\/p>\n<p>Las marcas, nombres comerciales o signos distintivos son titularidad de FUNDACI\u00d3 SORIGU\u00c9 o de terceros que las ceden para su uso, sin que pueda entenderse que el acceso al Portal atribuya ning\u00fan derecho sobre las mismas, quedando prohibido su uso, salvo autorizaci\u00f3n expresa de FUNDACI\u00d3 SORIGU\u00c9 S.A. o del tercero titular. Solo se autoriza el uso de nuestras marcas o nombres comerciales, para referenciarnos en el entorno de la prensa y en el \u00e1mbito cultural. Por favor ponte en contacto con nosotros para poder ayudarte cuando necesites referencias detalladas. Consulta el apartado que hemos incluido si eres un miembro de la prensa.<\/p>\n<p>&nbsp;<\/p>\n<p>Queda permitido compartir el enlace de nuestra p\u00e1gina web o secciones incluidas en el mismo, para referenciar a la fundaci\u00f3n, sus espacios o actividades \/ exposiciones, salvo que se haga para perturbar nuestro buen nombre. El titular de la p\u00e1gina web que enlace los contenidos indebidamente y en contra de este aviso legal ser\u00e1 responsable de los da\u00f1os y perjuicios que pudieran causarse a FUNDACI\u00d3 SORIGU\u00c9 o a terceros.<\/p>\n<p>&nbsp;<\/p>\n<p>Toda la informaci\u00f3n que se reciba, como comentarios, sugerencias o ideas, se considerar\u00e1 cedida a FUNDACI\u00d3 SORIGU\u00c9 de manera gratuita. No debe enviarse informaci\u00f3n que NO pueda ser tratada de este modo.<\/p>\n<p>&nbsp;<\/p>\n<h2 class=\"\">Prensa<\/h2>\n<p>Si eres un profesional de la prensa y de los medios de comunicaci\u00f3n, puedes adherirte a nuestro servicio de alertas v\u00eda email.<\/p>\n<p>&nbsp;<\/p>\n<p>Cuando un profesional de comunicaci\u00f3n, en el ejercicio de sus funciones desee hacer referencias de nuestra fundaci\u00f3n, servicios o actividades, puede acudir a nuestra secci\u00f3n \u201cSala de Prensa\u201d y emplear los medios all\u00ed dispuestos. Entre otros, disponemos de logotipos de la fundaci\u00f3n, un manual de identidad corporativa, una secci\u00f3n de actualidad y notas de prensa oficiales.<\/p>\n<p>&nbsp;<\/p>\n<p>Cuando emplees alg\u00fan elemento de informaci\u00f3n de los anteriores, por favor refer\u00e9ncianos como fuente.<\/p>\n<p>&nbsp;<\/p>\n<p>Esta informaci\u00f3n solo podr\u00e1 ser empleada con fines de publicidad y comunicaci\u00f3n oficial en medios de prensa en general. En todo caso, FUNDACI\u00d3 SORIGU\u00c9 se reserva su derecho de rectificaci\u00f3n cuando existiera informaci\u00f3n inexacta o equivocada.<\/p>\n<p>&nbsp;<\/p>\n<h2 class=\"\">DURACION, VIGENCIA Y NULIDAD<\/h2>\n<p>El aviso legal tiene una vigencia desde su propia publicaci\u00f3n hasta su modificaci\u00f3n. El presente Aviso Legal y la Pol\u00edtica de Privacidad, podr\u00e1 ser modificado por FUNDACI\u00d3 SORIGU\u00c9 en cualquier momento en su totalidad o de forma parcial, debiendo los Usuarios revisar el contenido peri\u00f3dicamente para verificar la informaci\u00f3n. Las modificaciones surten efectos desde el momento en que se publican en el Portal. Se establecer\u00e1 fecha de publicaci\u00f3n para que los Usuarios conozcan la versi\u00f3n vigente.<\/p>\n<p>&nbsp;<\/p>\n<p>En caso de que cualquier extremo de las presentes condiciones sea considerado nulo o anulable, o su aplicaci\u00f3n resulte imposible parcial o totalmente, por la aplicaci\u00f3n de una modificaci\u00f3n normativa o por sentencia judicial o laudo arbitral, se mantendr\u00e1 la vigencia del resto del aviso.<\/p>\n<p>&nbsp;<\/p>\n<h2 class=\"\">LEY APLICABLE Y JURISDICCI\u00d3N<\/h2>\n<p>FUNDACI\u00d3 SORIGU\u00c9 se reserva su derecho a emprender las acciones arbitrales o judiciales que considere oportunas en el caso de que los Usuarios utilicen la p\u00e1gina web de forma indebida o ilegal. El Usuario responder\u00e1 frente a FUNDACI\u00d3 SORIGU\u00c9 o frente a terceros, de cualesquiera da\u00f1os y perjuicios que pudieran causarse como consecuencia del incumplimiento de estas obligaciones.<\/p>\n<p>&nbsp;<\/p>\n<p>El no ejercicio o ejecuci\u00f3n de las acciones o derechos contra terceros por el incumplimiento de las disposiciones o prohibiciones contenidas en el presente aviso legal por parte de FUNDACI\u00d3 SORIGU\u00c9 no constituir\u00e1 renuncia a los mismos, salvo reconocimiento y acuerdo escrito por su parte.<\/p>\n<p>&nbsp;<\/p>\n<p>Las presentes condiciones generales se rigen por la legislaci\u00f3n vigente tanto espa\u00f1ola como de la Uni\u00f3n Europea. Para cualquier litigio que pudiera surgir relacionado con el sitio web o la actividad que en \u00e9l se desarrolla ser\u00e1n competentes Juzgados de Madrid, renunciando expresamente el usuario a cualquier otro fuero que pudiera corresponderle.<\/p>\n","protected":false},"excerpt":{"rendered":"<p>Las presentes condiciones regulan el uso y contenido del servicio del Portal de Internet (en adelante, Portal o P\u00e1gina web o Web) de la FUNDACI\u00d3 PRIVADA SORIGU\u00c9, (en adelante, FUNDACI\u00d3 SORIGU\u00c9) pone a disposici\u00f3n de los usuarios de Internet. &nbsp; DATOS GENERALES De conformidad con el art\u00edculo 10 de la Ley 34\/2002, de 11 de&#8230;  <a class=\"excerpt-read-more\" href=\"https:\/\/fundaciosorigue.com\/en\/legal-notice\/\" title=\"Read Legal notice\">Read more &raquo;<\/a><\/p>\n","protected":false},"author":1,"featured_media":0,"parent":0,"menu_order":19,"comment_status":"closed","ping_status":"closed","template":"page-templates\/page-legal.php","meta":{"_acf_changed":false,"footnotes":""},"class_list":["post-4420","page","type-page","status-publish","hentry"],"acf":[],"yoast_head":"<!-- This site is optimized with the Yoast SEO plugin v27.5 - https:\/\/yoast.com\/product\/yoast-seo-wordpress\/ -->\n<title>Legal notice - Fundaci\u00f3 Sorigu\u00e9<\/title>\n<meta name=\"robots\" content=\"index, follow, max-snippet:-1, max-image-preview:large, max-video-preview:-1\" \/>\n<link rel=\"canonical\" href=\"http:\/\/www.fundaciosorigue.com\/en\/legal-notice\/\" \/>\n<meta property=\"og:locale\" content=\"en_US\" \/>\n<meta property=\"og:type\" content=\"article\" \/>\n<meta property=\"og:title\" content=\"Legal notice - Fundaci\u00f3 Sorigu\u00e9\" \/>\n<meta property=\"og:description\" content=\"Las presentes condiciones regulan el uso y contenido del servicio del Portal de Internet (en adelante, Portal o P\u00e1gina web o Web) de la FUNDACI\u00d3 PRIVADA SORIGU\u00c9, (en adelante, FUNDACI\u00d3 SORIGU\u00c9) pone a disposici\u00f3n de los usuarios de Internet. &nbsp; DATOS GENERALES De conformidad con el art\u00edculo 10 de la Ley 34\/2002, de 11 de... Read more &raquo;\" \/>\n<meta property=\"og:url\" content=\"http:\/\/www.fundaciosorigue.com\/en\/legal-notice\/\" \/>\n<meta property=\"og:site_name\" content=\"Fundaci\u00f3 Sorigu\u00e9\" \/>\n<meta property=\"article:modified_time\" content=\"2018-07-09T12:02:12+00:00\" \/>\n<meta name=\"twitter:card\" content=\"summary_large_image\" \/>\n<meta name=\"twitter:label1\" content=\"Est. reading time\" \/>\n\t<meta name=\"twitter:data1\" content=\"13 minutes\" \/>\n<script type=\"application\/ld+json\" class=\"yoast-schema-graph\">{\"@context\":\"https:\\\/\\\/schema.org\",\"@graph\":[{\"@type\":\"WebPage\",\"@id\":\"http:\\\/\\\/www.fundaciosorigue.com\\\/en\\\/legal-notice\\\/\",\"url\":\"http:\\\/\\\/www.fundaciosorigue.com\\\/en\\\/legal-notice\\\/\",\"name\":\"Legal notice - Fundaci\u00f3 Sorigu\u00e9\",\"isPartOf\":{\"@id\":\"https:\\\/\\\/www.fundaciosorigue.com\\\/#website\"},\"datePublished\":\"2018-07-09T09:56:34+00:00\",\"dateModified\":\"2018-07-09T12:02:12+00:00\",\"breadcrumb\":{\"@id\":\"http:\\\/\\\/www.fundaciosorigue.com\\\/en\\\/legal-notice\\\/#breadcrumb\"},\"inLanguage\":\"en-US\",\"potentialAction\":[{\"@type\":\"ReadAction\",\"target\":[\"http:\\\/\\\/www.fundaciosorigue.com\\\/en\\\/legal-notice\\\/\"]}]},{\"@type\":\"BreadcrumbList\",\"@id\":\"http:\\\/\\\/www.fundaciosorigue.com\\\/en\\\/legal-notice\\\/#breadcrumb\",\"itemListElement\":[{\"@type\":\"ListItem\",\"position\":1,\"name\":\"Portada\",\"item\":\"https:\\\/\\\/www.fundaciosorigue.com\\\/en\\\/\"},{\"@type\":\"ListItem\",\"position\":2,\"name\":\"Legal notice\"}]},{\"@type\":\"WebSite\",\"@id\":\"https:\\\/\\\/www.fundaciosorigue.com\\\/#website\",\"url\":\"https:\\\/\\\/www.fundaciosorigue.com\\\/\",\"name\":\"Fundaci\u00f3 Sorigu\u00e9\",\"description\":\"Fundaci\u00f3 d&#039;art contemporani de Lleida\",\"potentialAction\":[{\"@type\":\"SearchAction\",\"target\":{\"@type\":\"EntryPoint\",\"urlTemplate\":\"https:\\\/\\\/www.fundaciosorigue.com\\\/?s={search_term_string}\"},\"query-input\":{\"@type\":\"PropertyValueSpecification\",\"valueRequired\":true,\"valueName\":\"search_term_string\"}}],\"inLanguage\":\"en-US\"}]}<\/script>\n<!-- \/ Yoast SEO plugin. -->","yoast_head_json":{"title":"Legal notice - Fundaci\u00f3 Sorigu\u00e9","robots":{"index":"index","follow":"follow","max-snippet":"max-snippet:-1","max-image-preview":"max-image-preview:large","max-video-preview":"max-video-preview:-1"},"canonical":"http:\/\/www.fundaciosorigue.com\/en\/legal-notice\/","og_locale":"en_US","og_type":"article","og_title":"Legal notice - Fundaci\u00f3 Sorigu\u00e9","og_description":"Las presentes condiciones regulan el uso y contenido del servicio del Portal de Internet (en adelante, Portal o P\u00e1gina web o Web) de la FUNDACI\u00d3 PRIVADA SORIGU\u00c9, (en adelante, FUNDACI\u00d3 SORIGU\u00c9) pone a disposici\u00f3n de los usuarios de Internet. &nbsp; DATOS GENERALES De conformidad con el art\u00edculo 10 de la Ley 34\/2002, de 11 de... Read more &raquo;","og_url":"http:\/\/www.fundaciosorigue.com\/en\/legal-notice\/","og_site_name":"Fundaci\u00f3 Sorigu\u00e9","article_modified_time":"2018-07-09T12:02:12+00:00","twitter_card":"summary_large_image","twitter_misc":{"Est. reading time":"13 minutes"},"schema":{"@context":"https:\/\/schema.org","@graph":[{"@type":"WebPage","@id":"http:\/\/www.fundaciosorigue.com\/en\/legal-notice\/","url":"http:\/\/www.fundaciosorigue.com\/en\/legal-notice\/","name":"Legal notice - Fundaci\u00f3 Sorigu\u00e9","isPartOf":{"@id":"https:\/\/www.fundaciosorigue.com\/#website"},"datePublished":"2018-07-09T09:56:34+00:00","dateModified":"2018-07-09T12:02:12+00:00","breadcrumb":{"@id":"http:\/\/www.fundaciosorigue.com\/en\/legal-notice\/#breadcrumb"},"inLanguage":"en-US","potentialAction":[{"@type":"ReadAction","target":["http:\/\/www.fundaciosorigue.com\/en\/legal-notice\/"]}]},{"@type":"BreadcrumbList","@id":"http:\/\/www.fundaciosorigue.com\/en\/legal-notice\/#breadcrumb","itemListElement":[{"@type":"ListItem","position":1,"name":"Portada","item":"https:\/\/www.fundaciosorigue.com\/en\/"},{"@type":"ListItem","position":2,"name":"Legal notice"}]},{"@type":"WebSite","@id":"https:\/\/www.fundaciosorigue.com\/#website","url":"https:\/\/www.fundaciosorigue.com\/","name":"Fundaci\u00f3 Sorigu\u00e9","description":"Fundaci\u00f3 d&#039;art contemporani de Lleida","potentialAction":[{"@type":"SearchAction","target":{"@type":"EntryPoint","urlTemplate":"https:\/\/www.fundaciosorigue.com\/?s={search_term_string}"},"query-input":{"@type":"PropertyValueSpecification","valueRequired":true,"valueName":"search_term_string"}}],"inLanguage":"en-US"}]}},"_links":{"self":[{"href":"https:\/\/fundaciosorigue.com\/en\/wp-json\/wp\/v2\/pages\/4420\/"}],"collection":[{"href":"https:\/\/fundaciosorigue.com\/en\/wp-json\/wp\/v2\/pages\/"}],"about":[{"href":"https:\/\/fundaciosorigue.com\/en\/wp-json\/wp\/v2\/types\/page\/"}],"author":[{"embeddable":true,"href":"https:\/\/fundaciosorigue.com\/en\/wp-json\/wp\/v2\/users\/1\/"}],"replies":[{"embeddable":true,"href":"https:\/\/fundaciosorigue.com\/en\/wp-json\/wp\/v2\/comments\/?post=4420"}],"version-history":[{"count":1,"href":"https:\/\/fundaciosorigue.com\/en\/wp-json\/wp\/v2\/pages\/4420\/revisions\/"}],"predecessor-version":[{"id":4423,"href":"https:\/\/fundaciosorigue.com\/en\/wp-json\/wp\/v2\/pages\/4420\/revisions\/4423\/"}],"wp:attachment":[{"href":"https:\/\/fundaciosorigue.com\/en\/wp-json\/wp\/v2\/media\/?parent=4420"}],"curies":[{"name":"wp","href":"https:\/\/api.w.org\/{rel}","templated":true}]}}