{"id":2925,"date":"2016-06-14T00:27:00","date_gmt":"2016-06-14T00:27:00","guid":{"rendered":"http:\/\/www.fundaciosorigue.com\/en\/nota-legal\/"},"modified":"2018-01-08T15:57:27","modified_gmt":"2018-01-08T15:57:27","slug":"nota-legal","status":"publish","type":"page","link":"https:\/\/fundaciosorigue.com\/en\/nota-legal\/","title":{"rendered":"Legal note"},"content":{"rendered":"<h2 class=\"\">GENERAL INFORMATION<\/h2>\n<p>Fundaci\u00f3 Privada Sorigu\u00e9 is signed to the Registro de Fundaciones Privadas de Catalu\u00f1a with number 213. N.I.F. G25047069. In www.fundaciosorigue.com website there are some contents purely informative about the activity of our foundation and the services that we offer. Its main goal is easing to interested people all the information relative to our company and providing contact information to these extern subjects.<\/p>\n<p>&nbsp;<\/p>\n<h2 class=\"\">PRIVACY POLICY<\/h2>\n<p>According to the Ley Org\u00e1nica 15\/1999, de 13 de Diciembre, de Protecci\u00f3n de Datos de Car\u00e1cter Personal (LOPD) we inform to the users that all data that they provide us will be incorporated to a file that will be created, maintained under Fundaci\u00f3 Sorigu\u00e9 responsibility. We will always respect the confidentiality of your personal data that will be only used with the purpose of managing our offered services, answering the sent requests, doing administrative tasks or sending technical, commercial or advertising information through postal or online systems. If you want to use your rights of opposition, change or cancellation you should come to our foundation headquarters in Alcalde Pujol, 2 Bis, 25006 Lleida, sending us an email to info@fundaciosorigue.com or calling us at the following number +34 600 600 003.<\/p>\n<p>&nbsp;<\/p>\n<h2 class=\"\">TERMS OF USE<\/h2>\n<p>The terms of use and access to this website are ruled by the current Spanish Law and for the commitment of the user on being responsible during the use of the website. Behaviours against the law, rights or interests of third parts are not allowed. Being a user of Fundaci\u00f3 Sorigu\u00e9 website means the user has read and accepted this terms and all the related laws which extends those. In case the user does not accept this terms must not continue using this website. Any notification or complaint relative to the terms of use will be only valid if it is notified by certified postal service.<\/p>\n<p>&nbsp;<\/p>\n<h2 class=\"\">RESPONSIBILITIES<\/h2>\n<p>Fundaci\u00f3 Sorigu\u00e9 is not responsible for the information or contents published in forums, social networks or any other platform connected to our website and written or published by other independent subjects. However, considering the art. 11 and art.16 of the LSSI-CE, Fundaci\u00f3 Sorigu\u00e9 is committed on the removing or blocking of those contents that could affect the Spanish or the International Law, rights of third parts, the moral or the public order. Fundaci\u00f3 Sorigu\u00e9 will not be neither the responsible for the damages produced by the mistakes or misconfiguration of the installed software in the computer\u2019s user. All the responsibilities for any technical issue or mistake that is produced during the user connection on the internet is excluded. At the same time, the inexistence of interruptions or errors during the access to the website is not warranted. Anyway, Fundaci\u00f3 Sorigu\u00e9 will have the right anytime to update, modify or delete all the information, configuration or design that appears on its website without assuming any responsibility.<\/p>\n<p>&nbsp;<\/p>\n<h2 class=\"\">INDUSTRIAL AND INTELLECTUAL PROPERTY<\/h2>\n<p>Fundaci\u00f3 Sorigu\u00e9 is the owner of all the rights of the digital publication software as well as all the rights relatives to the industrial and intellectual property related to the included contents, giving apart all the rights over products and services of public domain that are not property of this foundation. None of the published material in this website can be reproduced, copied or published without written permission of Fundaci\u00f3 Sorigu\u00e9. All the information received on the web, as comments, suggestions or ideas will be considered transferred for free to Fundaci\u00f3 Sorigu\u00e9. It must not be sent any information that cannot be treated this way.<\/p>\n<p>&nbsp;<\/p>\n<h2 class=\"\">APPLICABLE LAW AND JURISDICTION<\/h2>\n<p>These terms of use are ruled by the Spanish Law. For any lawsuit that could appear relative to this website or the activity developed in it, the lawsuit will be developed in the Madrid Courts, and the user will resign any other court that could be assigned to him\/her.<\/p>\n","protected":false},"excerpt":{"rendered":"<p>GENERAL INFORMATION Fundaci\u00f3 Privada Sorigu\u00e9 is signed to the Registro de Fundaciones Privadas de Catalu\u00f1a with number 213. N.I.F. G25047069. In www.fundaciosorigue.com website there are some contents purely informative about the activity of our foundation and the services that we offer. Its main goal is easing to interested people all the information relative to our&#8230;  <a class=\"excerpt-read-more\" href=\"https:\/\/fundaciosorigue.com\/en\/nota-legal\/\" title=\"Read Legal note\">Read more &raquo;<\/a><\/p>\n","protected":false},"author":1,"featured_media":0,"parent":0,"menu_order":80,"comment_status":"closed","ping_status":"closed","template":"page-templates\/page-legal.php","meta":{"_acf_changed":false,"footnotes":""},"class_list":["post-2925","page","type-page","status-publish","hentry"],"acf":[],"yoast_head":"<!-- This site is optimized with the Yoast SEO plugin v27.5 - https:\/\/yoast.com\/product\/yoast-seo-wordpress\/ -->\n<title>Legal note - Fundaci\u00f3 Sorigu\u00e9<\/title>\n<meta name=\"robots\" content=\"index, follow, max-snippet:-1, max-image-preview:large, max-video-preview:-1\" \/>\n<link rel=\"canonical\" href=\"http:\/\/www.fundaciosorigue.com\/en\/nota-legal\/\" \/>\n<meta property=\"og:locale\" content=\"en_US\" \/>\n<meta property=\"og:type\" content=\"article\" \/>\n<meta property=\"og:title\" content=\"Legal note - Fundaci\u00f3 Sorigu\u00e9\" \/>\n<meta property=\"og:description\" content=\"GENERAL INFORMATION Fundaci\u00f3 Privada Sorigu\u00e9 is signed to the Registro de Fundaciones Privadas de Catalu\u00f1a with number 213. N.I.F. G25047069. In www.fundaciosorigue.com website there are some contents purely informative about the activity of our foundation and the services that we offer. Its main goal is easing to interested people all the information relative to our... Read more &raquo;\" \/>\n<meta property=\"og:url\" content=\"http:\/\/www.fundaciosorigue.com\/en\/nota-legal\/\" \/>\n<meta property=\"og:site_name\" content=\"Fundaci\u00f3 Sorigu\u00e9\" \/>\n<meta property=\"article:modified_time\" content=\"2018-01-08T15:57:27+00:00\" \/>\n<meta name=\"twitter:card\" content=\"summary_large_image\" \/>\n<meta name=\"twitter:label1\" content=\"Est. reading time\" \/>\n\t<meta name=\"twitter:data1\" content=\"3 minutes\" \/>\n<script type=\"application\/ld+json\" class=\"yoast-schema-graph\">{\"@context\":\"https:\\\/\\\/schema.org\",\"@graph\":[{\"@type\":\"WebPage\",\"@id\":\"http:\\\/\\\/www.fundaciosorigue.com\\\/en\\\/nota-legal\\\/\",\"url\":\"http:\\\/\\\/www.fundaciosorigue.com\\\/en\\\/nota-legal\\\/\",\"name\":\"Legal note - Fundaci\u00f3 Sorigu\u00e9\",\"isPartOf\":{\"@id\":\"https:\\\/\\\/www.fundaciosorigue.com\\\/#website\"},\"datePublished\":\"2016-06-14T00:27:00+00:00\",\"dateModified\":\"2018-01-08T15:57:27+00:00\",\"breadcrumb\":{\"@id\":\"http:\\\/\\\/www.fundaciosorigue.com\\\/en\\\/nota-legal\\\/#breadcrumb\"},\"inLanguage\":\"en-US\",\"potentialAction\":[{\"@type\":\"ReadAction\",\"target\":[\"http:\\\/\\\/www.fundaciosorigue.com\\\/en\\\/nota-legal\\\/\"]}]},{\"@type\":\"BreadcrumbList\",\"@id\":\"http:\\\/\\\/www.fundaciosorigue.com\\\/en\\\/nota-legal\\\/#breadcrumb\",\"itemListElement\":[{\"@type\":\"ListItem\",\"position\":1,\"name\":\"Portada\",\"item\":\"https:\\\/\\\/www.fundaciosorigue.com\\\/en\\\/\"},{\"@type\":\"ListItem\",\"position\":2,\"name\":\"Legal note\"}]},{\"@type\":\"WebSite\",\"@id\":\"https:\\\/\\\/www.fundaciosorigue.com\\\/#website\",\"url\":\"https:\\\/\\\/www.fundaciosorigue.com\\\/\",\"name\":\"Fundaci\u00f3 Sorigu\u00e9\",\"description\":\"Fundaci\u00f3 d&#039;art contemporani de Lleida\",\"potentialAction\":[{\"@type\":\"SearchAction\",\"target\":{\"@type\":\"EntryPoint\",\"urlTemplate\":\"https:\\\/\\\/www.fundaciosorigue.com\\\/?s={search_term_string}\"},\"query-input\":{\"@type\":\"PropertyValueSpecification\",\"valueRequired\":true,\"valueName\":\"search_term_string\"}}],\"inLanguage\":\"en-US\"}]}<\/script>\n<!-- \/ Yoast SEO plugin. -->","yoast_head_json":{"title":"Legal note - Fundaci\u00f3 Sorigu\u00e9","robots":{"index":"index","follow":"follow","max-snippet":"max-snippet:-1","max-image-preview":"max-image-preview:large","max-video-preview":"max-video-preview:-1"},"canonical":"http:\/\/www.fundaciosorigue.com\/en\/nota-legal\/","og_locale":"en_US","og_type":"article","og_title":"Legal note - Fundaci\u00f3 Sorigu\u00e9","og_description":"GENERAL INFORMATION Fundaci\u00f3 Privada Sorigu\u00e9 is signed to the Registro de Fundaciones Privadas de Catalu\u00f1a with number 213. N.I.F. G25047069. In www.fundaciosorigue.com website there are some contents purely informative about the activity of our foundation and the services that we offer. Its main goal is easing to interested people all the information relative to our... Read more &raquo;","og_url":"http:\/\/www.fundaciosorigue.com\/en\/nota-legal\/","og_site_name":"Fundaci\u00f3 Sorigu\u00e9","article_modified_time":"2018-01-08T15:57:27+00:00","twitter_card":"summary_large_image","twitter_misc":{"Est. reading time":"3 minutes"},"schema":{"@context":"https:\/\/schema.org","@graph":[{"@type":"WebPage","@id":"http:\/\/www.fundaciosorigue.com\/en\/nota-legal\/","url":"http:\/\/www.fundaciosorigue.com\/en\/nota-legal\/","name":"Legal note - Fundaci\u00f3 Sorigu\u00e9","isPartOf":{"@id":"https:\/\/www.fundaciosorigue.com\/#website"},"datePublished":"2016-06-14T00:27:00+00:00","dateModified":"2018-01-08T15:57:27+00:00","breadcrumb":{"@id":"http:\/\/www.fundaciosorigue.com\/en\/nota-legal\/#breadcrumb"},"inLanguage":"en-US","potentialAction":[{"@type":"ReadAction","target":["http:\/\/www.fundaciosorigue.com\/en\/nota-legal\/"]}]},{"@type":"BreadcrumbList","@id":"http:\/\/www.fundaciosorigue.com\/en\/nota-legal\/#breadcrumb","itemListElement":[{"@type":"ListItem","position":1,"name":"Portada","item":"https:\/\/www.fundaciosorigue.com\/en\/"},{"@type":"ListItem","position":2,"name":"Legal note"}]},{"@type":"WebSite","@id":"https:\/\/www.fundaciosorigue.com\/#website","url":"https:\/\/www.fundaciosorigue.com\/","name":"Fundaci\u00f3 Sorigu\u00e9","description":"Fundaci\u00f3 d&#039;art contemporani de Lleida","potentialAction":[{"@type":"SearchAction","target":{"@type":"EntryPoint","urlTemplate":"https:\/\/www.fundaciosorigue.com\/?s={search_term_string}"},"query-input":{"@type":"PropertyValueSpecification","valueRequired":true,"valueName":"search_term_string"}}],"inLanguage":"en-US"}]}},"_links":{"self":[{"href":"https:\/\/fundaciosorigue.com\/en\/wp-json\/wp\/v2\/pages\/2925\/"}],"collection":[{"href":"https:\/\/fundaciosorigue.com\/en\/wp-json\/wp\/v2\/pages\/"}],"about":[{"href":"https:\/\/fundaciosorigue.com\/en\/wp-json\/wp\/v2\/types\/page\/"}],"author":[{"embeddable":true,"href":"https:\/\/fundaciosorigue.com\/en\/wp-json\/wp\/v2\/users\/1\/"}],"replies":[{"embeddable":true,"href":"https:\/\/fundaciosorigue.com\/en\/wp-json\/wp\/v2\/comments\/?post=2925"}],"version-history":[{"count":0,"href":"https:\/\/fundaciosorigue.com\/en\/wp-json\/wp\/v2\/pages\/2925\/revisions\/"}],"wp:attachment":[{"href":"https:\/\/fundaciosorigue.com\/en\/wp-json\/wp\/v2\/media\/?parent=2925"}],"curies":[{"name":"wp","href":"https:\/\/api.w.org\/{rel}","templated":true}]}}