{"id":78,"date":"2016-06-13T09:04:38","date_gmt":"2016-06-13T09:04:38","guid":{"rendered":"https:\/\/fundaciosorigue.com\/?page_id=78"},"modified":"2022-09-21T15:51:59","modified_gmt":"2022-09-21T15:51:59","slug":"sobre-la-colleccio","status":"publish","type":"page","link":"https:\/\/fundaciosorigue.com\/ca\/col%c2%b7leccio\/sobre-la-colleccio\/","title":{"rendered":"Sobre la col\u00b7lecci\u00f3"},"content":{"rendered":"","protected":false},"excerpt":{"rendered":"","protected":false},"author":1,"featured_media":0,"parent":54,"menu_order":62,"comment_status":"closed","ping_status":"closed","template":"page-templates\/page-filosofia.php","meta":{"_acf_changed":false,"footnotes":""},"class_list":["post-78","page","type-page","status-publish","hentry"],"acf":[],"yoast_head":"<!-- This site is optimized with the Yoast SEO plugin v27.4 - https:\/\/yoast.com\/product\/yoast-seo-wordpress\/ -->\n<title>Sobre la col\u00b7lecci\u00f3 - Fundaci\u00f3 Sorigu\u00e9<\/title>\n<meta name=\"robots\" content=\"index, follow, max-snippet:-1, max-image-preview:large, max-video-preview:-1\" \/>\n<link rel=\"canonical\" href=\"http:\/\/www.fundaciosorigue.com\/ca\/col\u00b7leccio\/sobre-la-colleccio\/\" \/>\n<meta property=\"og:locale\" content=\"ca_ES\" \/>\n<meta property=\"og:type\" content=\"article\" \/>\n<meta property=\"og:title\" content=\"Sobre la col\u00b7lecci\u00f3 - Fundaci\u00f3 Sorigu\u00e9\" \/>\n<meta property=\"og:url\" content=\"http:\/\/www.fundaciosorigue.com\/ca\/col\u00b7leccio\/sobre-la-colleccio\/\" \/>\n<meta property=\"og:site_name\" content=\"Fundaci\u00f3 Sorigu\u00e9\" \/>\n<meta property=\"article:modified_time\" content=\"2022-09-21T15:51:59+00:00\" \/>\n<meta name=\"twitter:card\" content=\"summary_large_image\" \/>\n<script type=\"application\/ld+json\" class=\"yoast-schema-graph\">{\"@context\":\"https:\\\/\\\/schema.org\",\"@graph\":[{\"@type\":\"WebPage\",\"@id\":\"http:\\\/\\\/www.fundaciosorigue.com\\\/ca\\\/col%c2%b7leccio\\\/sobre-la-colleccio\\\/\",\"url\":\"http:\\\/\\\/www.fundaciosorigue.com\\\/ca\\\/col%c2%b7leccio\\\/sobre-la-colleccio\\\/\",\"name\":\"Sobre la col\u00b7lecci\u00f3 - Fundaci\u00f3 Sorigu\u00e9\",\"isPartOf\":{\"@id\":\"https:\\\/\\\/www.fundaciosorigue.com\\\/#website\"},\"datePublished\":\"2016-06-13T09:04:38+00:00\",\"dateModified\":\"2022-09-21T15:51:59+00:00\",\"breadcrumb\":{\"@id\":\"http:\\\/\\\/www.fundaciosorigue.com\\\/ca\\\/col%c2%b7leccio\\\/sobre-la-colleccio\\\/#breadcrumb\"},\"inLanguage\":\"ca\",\"potentialAction\":[{\"@type\":\"ReadAction\",\"target\":[\"http:\\\/\\\/www.fundaciosorigue.com\\\/ca\\\/col%c2%b7leccio\\\/sobre-la-colleccio\\\/\"]}]},{\"@type\":\"BreadcrumbList\",\"@id\":\"http:\\\/\\\/www.fundaciosorigue.com\\\/ca\\\/col%c2%b7leccio\\\/sobre-la-colleccio\\\/#breadcrumb\",\"itemListElement\":[{\"@type\":\"ListItem\",\"position\":1,\"name\":\"Portada\",\"item\":\"http:\\\/\\\/www.fundaciosorigue.com\\\/ca\\\/\"},{\"@type\":\"ListItem\",\"position\":2,\"name\":\"Col\u00b7lecci\u00f3\",\"item\":\"http:\\\/\\\/www.fundaciosorigue.com\\\/ca\\\/col%c2%b7leccio\\\/\"},{\"@type\":\"ListItem\",\"position\":3,\"name\":\"Sobre la col\u00b7lecci\u00f3\"}]},{\"@type\":\"WebSite\",\"@id\":\"https:\\\/\\\/www.fundaciosorigue.com\\\/#website\",\"url\":\"https:\\\/\\\/www.fundaciosorigue.com\\\/\",\"name\":\"Fundaci\u00f3 Sorigu\u00e9\",\"description\":\"Fundaci\u00f3 d&#039;art contemporani de Lleida\",\"potentialAction\":[{\"@type\":\"SearchAction\",\"target\":{\"@type\":\"EntryPoint\",\"urlTemplate\":\"https:\\\/\\\/www.fundaciosorigue.com\\\/?s={search_term_string}\"},\"query-input\":{\"@type\":\"PropertyValueSpecification\",\"valueRequired\":true,\"valueName\":\"search_term_string\"}}],\"inLanguage\":\"ca\"}]}<\/script>\n<!-- \/ Yoast SEO plugin. -->","yoast_head_json":{"title":"Sobre la col\u00b7lecci\u00f3 - Fundaci\u00f3 Sorigu\u00e9","robots":{"index":"index","follow":"follow","max-snippet":"max-snippet:-1","max-image-preview":"max-image-preview:large","max-video-preview":"max-video-preview:-1"},"canonical":"http:\/\/www.fundaciosorigue.com\/ca\/col\u00b7leccio\/sobre-la-colleccio\/","og_locale":"ca_ES","og_type":"article","og_title":"Sobre la col\u00b7lecci\u00f3 - Fundaci\u00f3 Sorigu\u00e9","og_url":"http:\/\/www.fundaciosorigue.com\/ca\/col\u00b7leccio\/sobre-la-colleccio\/","og_site_name":"Fundaci\u00f3 Sorigu\u00e9","article_modified_time":"2022-09-21T15:51:59+00:00","twitter_card":"summary_large_image","schema":{"@context":"https:\/\/schema.org","@graph":[{"@type":"WebPage","@id":"http:\/\/www.fundaciosorigue.com\/ca\/col%c2%b7leccio\/sobre-la-colleccio\/","url":"http:\/\/www.fundaciosorigue.com\/ca\/col%c2%b7leccio\/sobre-la-colleccio\/","name":"Sobre la col\u00b7lecci\u00f3 - Fundaci\u00f3 Sorigu\u00e9","isPartOf":{"@id":"https:\/\/www.fundaciosorigue.com\/#website"},"datePublished":"2016-06-13T09:04:38+00:00","dateModified":"2022-09-21T15:51:59+00:00","breadcrumb":{"@id":"http:\/\/www.fundaciosorigue.com\/ca\/col%c2%b7leccio\/sobre-la-colleccio\/#breadcrumb"},"inLanguage":"ca","potentialAction":[{"@type":"ReadAction","target":["http:\/\/www.fundaciosorigue.com\/ca\/col%c2%b7leccio\/sobre-la-colleccio\/"]}]},{"@type":"BreadcrumbList","@id":"http:\/\/www.fundaciosorigue.com\/ca\/col%c2%b7leccio\/sobre-la-colleccio\/#breadcrumb","itemListElement":[{"@type":"ListItem","position":1,"name":"Portada","item":"http:\/\/www.fundaciosorigue.com\/ca\/"},{"@type":"ListItem","position":2,"name":"Col\u00b7lecci\u00f3","item":"http:\/\/www.fundaciosorigue.com\/ca\/col%c2%b7leccio\/"},{"@type":"ListItem","position":3,"name":"Sobre la col\u00b7lecci\u00f3"}]},{"@type":"WebSite","@id":"https:\/\/www.fundaciosorigue.com\/#website","url":"https:\/\/www.fundaciosorigue.com\/","name":"Fundaci\u00f3 Sorigu\u00e9","description":"Fundaci\u00f3 d&#039;art contemporani de Lleida","potentialAction":[{"@type":"SearchAction","target":{"@type":"EntryPoint","urlTemplate":"https:\/\/www.fundaciosorigue.com\/?s={search_term_string}"},"query-input":{"@type":"PropertyValueSpecification","valueRequired":true,"valueName":"search_term_string"}}],"inLanguage":"ca"}]}},"_links":{"self":[{"href":"https:\/\/fundaciosorigue.com\/ca\/wp-json\/wp\/v2\/pages\/78\/"}],"collection":[{"href":"https:\/\/fundaciosorigue.com\/ca\/wp-json\/wp\/v2\/pages\/"}],"about":[{"href":"https:\/\/fundaciosorigue.com\/ca\/wp-json\/wp\/v2\/types\/page\/"}],"author":[{"embeddable":true,"href":"https:\/\/fundaciosorigue.com\/ca\/wp-json\/wp\/v2\/users\/1\/"}],"replies":[{"embeddable":true,"href":"https:\/\/fundaciosorigue.com\/ca\/wp-json\/wp\/v2\/comments\/?post=78"}],"version-history":[{"count":3,"href":"https:\/\/fundaciosorigue.com\/ca\/wp-json\/wp\/v2\/pages\/78\/revisions\/"}],"predecessor-version":[{"id":5805,"href":"https:\/\/fundaciosorigue.com\/ca\/wp-json\/wp\/v2\/pages\/78\/revisions\/5805\/"}],"up":[{"embeddable":true,"href":"https:\/\/fundaciosorigue.com\/ca\/wp-json\/wp\/v2\/pages\/54\/"}],"wp:attachment":[{"href":"https:\/\/fundaciosorigue.com\/ca\/wp-json\/wp\/v2\/media\/?parent=78"}],"curies":[{"name":"wp","href":"https:\/\/api.w.org\/{rel}","templated":true}]}}