{"id":3221,"date":"2016-10-07T01:13:55","date_gmt":"2016-10-07T01:13:55","guid":{"rendered":"http:\/\/www.fundaciosorigue.com\/ca\/busqueda\/"},"modified":"2016-10-07T01:15:05","modified_gmt":"2016-10-07T01:15:05","slug":"cerca","status":"publish","type":"page","link":"https:\/\/fundaciosorigue.com\/ca\/cerca\/","title":{"rendered":"Cerca"},"content":{"rendered":"","protected":false},"excerpt":{"rendered":"","protected":false},"author":1,"featured_media":0,"parent":0,"menu_order":29,"comment_status":"closed","ping_status":"closed","template":"page-templates\/page-search.php","meta":{"_acf_changed":false,"footnotes":""},"class_list":["post-3221","page","type-page","status-publish","hentry"],"acf":[],"yoast_head":"<!-- This site is optimized with the Yoast SEO plugin v27.4 - https:\/\/yoast.com\/product\/yoast-seo-wordpress\/ -->\n<title>Cerca - Fundaci\u00f3 Sorigu\u00e9<\/title>\n<meta name=\"robots\" content=\"index, follow, max-snippet:-1, max-image-preview:large, max-video-preview:-1\" \/>\n<link rel=\"canonical\" href=\"http:\/\/www.fundaciosorigue.com\/ca\/cerca\/\" \/>\n<meta property=\"og:locale\" content=\"ca_ES\" \/>\n<meta property=\"og:type\" content=\"article\" \/>\n<meta property=\"og:title\" content=\"Cerca - Fundaci\u00f3 Sorigu\u00e9\" \/>\n<meta property=\"og:url\" content=\"http:\/\/www.fundaciosorigue.com\/ca\/cerca\/\" \/>\n<meta property=\"og:site_name\" content=\"Fundaci\u00f3 Sorigu\u00e9\" \/>\n<meta property=\"article:modified_time\" content=\"2016-10-07T01:15:05+00:00\" \/>\n<meta name=\"twitter:card\" content=\"summary_large_image\" \/>\n<script type=\"application\/ld+json\" class=\"yoast-schema-graph\">{\"@context\":\"https:\\\/\\\/schema.org\",\"@graph\":[{\"@type\":\"WebPage\",\"@id\":\"http:\\\/\\\/www.fundaciosorigue.com\\\/ca\\\/cerca\\\/\",\"url\":\"http:\\\/\\\/www.fundaciosorigue.com\\\/ca\\\/cerca\\\/\",\"name\":\"Cerca - Fundaci\u00f3 Sorigu\u00e9\",\"isPartOf\":{\"@id\":\"https:\\\/\\\/www.fundaciosorigue.com\\\/#website\"},\"datePublished\":\"2016-10-07T01:13:55+00:00\",\"dateModified\":\"2016-10-07T01:15:05+00:00\",\"breadcrumb\":{\"@id\":\"http:\\\/\\\/www.fundaciosorigue.com\\\/ca\\\/cerca\\\/#breadcrumb\"},\"inLanguage\":\"ca\",\"potentialAction\":[{\"@type\":\"ReadAction\",\"target\":[\"http:\\\/\\\/www.fundaciosorigue.com\\\/ca\\\/cerca\\\/\"]}]},{\"@type\":\"BreadcrumbList\",\"@id\":\"http:\\\/\\\/www.fundaciosorigue.com\\\/ca\\\/cerca\\\/#breadcrumb\",\"itemListElement\":[{\"@type\":\"ListItem\",\"position\":1,\"name\":\"Portada\",\"item\":\"http:\\\/\\\/www.fundaciosorigue.com\\\/ca\\\/\"},{\"@type\":\"ListItem\",\"position\":2,\"name\":\"Cerca\"}]},{\"@type\":\"WebSite\",\"@id\":\"https:\\\/\\\/www.fundaciosorigue.com\\\/#website\",\"url\":\"https:\\\/\\\/www.fundaciosorigue.com\\\/\",\"name\":\"Fundaci\u00f3 Sorigu\u00e9\",\"description\":\"Fundaci\u00f3 d&#039;art contemporani de Lleida\",\"potentialAction\":[{\"@type\":\"SearchAction\",\"target\":{\"@type\":\"EntryPoint\",\"urlTemplate\":\"https:\\\/\\\/www.fundaciosorigue.com\\\/?s={search_term_string}\"},\"query-input\":{\"@type\":\"PropertyValueSpecification\",\"valueRequired\":true,\"valueName\":\"search_term_string\"}}],\"inLanguage\":\"ca\"}]}<\/script>\n<!-- \/ Yoast SEO plugin. -->","yoast_head_json":{"title":"Cerca - Fundaci\u00f3 Sorigu\u00e9","robots":{"index":"index","follow":"follow","max-snippet":"max-snippet:-1","max-image-preview":"max-image-preview:large","max-video-preview":"max-video-preview:-1"},"canonical":"http:\/\/www.fundaciosorigue.com\/ca\/cerca\/","og_locale":"ca_ES","og_type":"article","og_title":"Cerca - Fundaci\u00f3 Sorigu\u00e9","og_url":"http:\/\/www.fundaciosorigue.com\/ca\/cerca\/","og_site_name":"Fundaci\u00f3 Sorigu\u00e9","article_modified_time":"2016-10-07T01:15:05+00:00","twitter_card":"summary_large_image","schema":{"@context":"https:\/\/schema.org","@graph":[{"@type":"WebPage","@id":"http:\/\/www.fundaciosorigue.com\/ca\/cerca\/","url":"http:\/\/www.fundaciosorigue.com\/ca\/cerca\/","name":"Cerca - Fundaci\u00f3 Sorigu\u00e9","isPartOf":{"@id":"https:\/\/www.fundaciosorigue.com\/#website"},"datePublished":"2016-10-07T01:13:55+00:00","dateModified":"2016-10-07T01:15:05+00:00","breadcrumb":{"@id":"http:\/\/www.fundaciosorigue.com\/ca\/cerca\/#breadcrumb"},"inLanguage":"ca","potentialAction":[{"@type":"ReadAction","target":["http:\/\/www.fundaciosorigue.com\/ca\/cerca\/"]}]},{"@type":"BreadcrumbList","@id":"http:\/\/www.fundaciosorigue.com\/ca\/cerca\/#breadcrumb","itemListElement":[{"@type":"ListItem","position":1,"name":"Portada","item":"http:\/\/www.fundaciosorigue.com\/ca\/"},{"@type":"ListItem","position":2,"name":"Cerca"}]},{"@type":"WebSite","@id":"https:\/\/www.fundaciosorigue.com\/#website","url":"https:\/\/www.fundaciosorigue.com\/","name":"Fundaci\u00f3 Sorigu\u00e9","description":"Fundaci\u00f3 d&#039;art contemporani de Lleida","potentialAction":[{"@type":"SearchAction","target":{"@type":"EntryPoint","urlTemplate":"https:\/\/www.fundaciosorigue.com\/?s={search_term_string}"},"query-input":{"@type":"PropertyValueSpecification","valueRequired":true,"valueName":"search_term_string"}}],"inLanguage":"ca"}]}},"_links":{"self":[{"href":"https:\/\/fundaciosorigue.com\/ca\/wp-json\/wp\/v2\/pages\/3221\/"}],"collection":[{"href":"https:\/\/fundaciosorigue.com\/ca\/wp-json\/wp\/v2\/pages\/"}],"about":[{"href":"https:\/\/fundaciosorigue.com\/ca\/wp-json\/wp\/v2\/types\/page\/"}],"author":[{"embeddable":true,"href":"https:\/\/fundaciosorigue.com\/ca\/wp-json\/wp\/v2\/users\/1\/"}],"replies":[{"embeddable":true,"href":"https:\/\/fundaciosorigue.com\/ca\/wp-json\/wp\/v2\/comments\/?post=3221"}],"version-history":[{"count":0,"href":"https:\/\/fundaciosorigue.com\/ca\/wp-json\/wp\/v2\/pages\/3221\/revisions\/"}],"wp:attachment":[{"href":"https:\/\/fundaciosorigue.com\/ca\/wp-json\/wp\/v2\/media\/?parent=3221"}],"curies":[{"name":"wp","href":"https:\/\/api.w.org\/{rel}","templated":true}]}}