{"id":139,"date":"2016-06-14T00:27:00","date_gmt":"2016-06-14T00:27:00","guid":{"rendered":"https:\/\/fundaciosorigue.com\/?page_id=139"},"modified":"2018-01-08T15:46:44","modified_gmt":"2018-01-08T15:46:44","slug":"nota-legal","status":"publish","type":"page","link":"https:\/\/fundaciosorigue.com\/ca\/nota-legal\/","title":{"rendered":"Nota legal"},"content":{"rendered":"<h2 class=\"\">DADES GENERALS<\/h2>\n<p>Fundaci\u00f3 Privada Sorigu\u00e9 est\u00e0 inscrita al Registre de Fundacions Privades de Catalunya amb el n\u00famero 213. N.I.F. G25047069. A la web www.fundaciosorigue.com hi ha una serie de continguts de car\u00e0cter informatiu sobre l&#8217;activitat que la fundaci\u00f3 duu a terme i els serveris que ofereix. El seu principal objectiu \u00e9s facilitar al p\u00fablic general la informaci\u00f3 relativa a la fundaci\u00f3 i facilitar el contacte d&#8217;aquests agents externs amb la mateixa.<\/p>\n<p>&nbsp;<\/p>\n<h2 class=\"\">POL\u00cdTICA DE PRIVACITAT<\/h2>\n<p>En compliment del que es disposa en la Llei Org\u00e0nica 15\/1999, de 13 de desembre, de Protecci\u00f3 de Dades de Car\u00e0cter Personal (LOPD) s&#8217;informa a l&#8217;usuari que totes les dades que ens proporcioni seran incorporats a un fitxer, creat i mantingut sota la responsabilitat de Fundaci\u00f3 Sorigu\u00e9. Sempre es respectar\u00e0 la confidencialitat de les seves dades personals que nom\u00e9s seran utilitzades amb la finalitat de gestionar els serveis oferts, atendre a les sol\u00b7licituds que ens plantegi, realitzar tasques administratives, aix\u00ed com remetre informaci\u00f3 t\u00e8cnica, comercial o publicit\u00e0ria per via ordin\u00e0ria o electr\u00f2nica. Per exercir els seus drets d&#8217;oposici\u00f3, rectificaci\u00f3 o cancel\u00b7laci\u00f3 haur\u00e0 de dirigir-se a la seu de la fundaci\u00f3 al C\/ Alcalde Pujol, 2 Bis, 25006 Lleida, escriure al correu electr\u00f2nic info@fundaciosorigue.com o trucar al tel\u00e8fon +34 600 600 003.<\/p>\n<p>&nbsp;<\/p>\n<h2 class=\"\">CONDICIONS DE \u00daS<\/h2>\n<p>Les condicions d&#8217;acc\u00e9s i \u00fas del present lloc web es regeixen per la legalitat vigent i pel principi de bona fe comprometent-se l&#8217;usuari a realitzar un bon \u00fas de la web. No es permeten conductes que vagin contra la llei, els drets o interessos de tercers. Ser usuari de la web de Fundaci\u00f3 Sorigu\u00e9 implica que reconeix haver llegit i acceptat les presents condicions i que les estengui la normativa legal aplicable en aquesta mat\u00e8ria. Si pel motiu que fos no est\u00e0 d&#8217;acord amb aquestes condicions no continu\u00ef usant aquesta web. Qualsevol tipus de notificaci\u00f3 i\/o reclamaci\u00f3 solament ser\u00e0 v\u00e0lida per notificaci\u00f3 escrita i\/o correu certificat.<\/p>\n<p>&nbsp;<\/p>\n<h2 class=\"\">RESPONSABILITATS<\/h2>\n<p>Fundaci\u00f3 Sorigu\u00e9 no es fa responsable de la informaci\u00f3 i continguts emmagatzemats en f\u00f2rums, xarxes socials o qualssevol altre mitj\u00e0 que permeti a tercers publicar continguts de forma independent a la p\u00e0gina web del prestador. No obstant aix\u00f2, tenint en compte els articles 11 i 16 de la LSSI-CE, Fundaci\u00f3 Sorigu\u00e9 es compromet a la retirada o si escau bloqueig d&#8217;aquells continguts que poguessin afectar o contravenir la legislaci\u00f3 nacional o internacional, drets de tercers o la moral i l&#8217;ordre p\u00fablic. Tampoc la fundaci\u00f3 es responsabilitzar\u00e0 dels danys i perjudicis que es produeixin per fallades o males configuracions del programari instal\u00b7lat en l&#8217;ordinador de l&#8217;internauta. S&#8217;exclou tota responsabilitat per alguna incid\u00e8ncia t\u00e8cnica o fallada que es produeixi quan l&#8217;usuari es connecti a Internet. Igualment no es garanteix la inexist\u00e8ncia d&#8217;interrupcions o errors en l&#8217;acc\u00e9s al lloc web. Aix\u00ed mateix, Fundaci\u00f3 Sorigu\u00e9 es reserva el dret a actualitzar, modificar o eliminar la informaci\u00f3 continguda a la seva p\u00e0gina web, aix\u00ed com la configuraci\u00f3 o presentaci\u00f3 del mateix, a qualsevol moment sense assumir alguna responsabilitat per aix\u00f2.<\/p>\n<p>&nbsp;<\/p>\n<h2 class=\"\">PROPIETAT INTEL\u00b7LECTUAL INDUSTRIAL<\/h2>\n<p>Fundaci\u00f3 Sorigu\u00e9 \u00e9s titular de tots els drets sobre el programari de la publicaci\u00f3 digital, aix\u00ed com dels drets de propietat industrial i intel\u00b7lectual referits als continguts que s&#8217;incloguin, a excepci\u00f3 dels drets sobre productes i serveis de car\u00e0cter p\u00fablic que no s\u00f3n propietat d&#8217;aquesta fundaci\u00f3. Cap material publicat en aquesta web podr\u00e0 ser reprodu\u00eft, copiat o publicat sense el consentiment per escrit de Fundaci\u00f3 Sorigu\u00e9. Tota la informaci\u00f3 que es rebi a la web, com a comentaris, suggeriments o idees, es considerar\u00e0 cedida a Fundaci\u00f3 Sorigu\u00e9 de manera gratu\u00efta. No ha d&#8217;enviar-se informaci\u00f3 que NO pugui ser tractada d&#8217;aquesta manera.<\/p>\n<p>&nbsp;<\/p>\n<h2 class=\"\">LLEI APLICABLE I JURISDICCI\u00d3<\/h2>\n<p>Les presents condicions generals es regeixen per la legislaci\u00f3 espanyola. Per a qualsevol litigi que pogu\u00e9s sorgir relacionat amb el lloc web o l&#8217;activitat que en ell es desenvolupa seran competents als Jutjats de Madrid, renunciant expressament l&#8217;usuari a qualsevol altre fur que pogu\u00e9s correspondre-li.<\/p>\n","protected":false},"excerpt":{"rendered":"<p>DADES GENERALS Fundaci\u00f3 Privada Sorigu\u00e9 est\u00e0 inscrita al Registre de Fundacions Privades de Catalunya amb el n\u00famero 213. N.I.F. G25047069. A la web www.fundaciosorigue.com hi ha una serie de continguts de car\u00e0cter informatiu sobre l&#8217;activitat que la fundaci\u00f3 duu a terme i els serveris que ofereix. El seu principal objectiu \u00e9s facilitar al p\u00fablic general&#8230;  <a class=\"excerpt-read-more\" href=\"https:\/\/fundaciosorigue.com\/ca\/nota-legal\/\" title=\"Read Nota legal\">Read more &raquo;<\/a><\/p>\n","protected":false},"author":1,"featured_media":0,"parent":0,"menu_order":78,"comment_status":"closed","ping_status":"closed","template":"page-templates\/page-legal.php","meta":{"_acf_changed":false,"footnotes":""},"class_list":["post-139","page","type-page","status-publish","hentry"],"acf":[],"yoast_head":"<!-- This site is optimized with the Yoast SEO plugin v27.5 - https:\/\/yoast.com\/product\/yoast-seo-wordpress\/ -->\n<title>Nota legal - Fundaci\u00f3 Sorigu\u00e9<\/title>\n<meta name=\"robots\" content=\"index, follow, max-snippet:-1, max-image-preview:large, max-video-preview:-1\" \/>\n<link rel=\"canonical\" href=\"http:\/\/www.fundaciosorigue.com\/ca\/nota-legal\/\" \/>\n<meta property=\"og:locale\" content=\"ca_ES\" \/>\n<meta property=\"og:type\" content=\"article\" \/>\n<meta property=\"og:title\" content=\"Nota legal - Fundaci\u00f3 Sorigu\u00e9\" \/>\n<meta property=\"og:description\" content=\"DADES GENERALS Fundaci\u00f3 Privada Sorigu\u00e9 est\u00e0 inscrita al Registre de Fundacions Privades de Catalunya amb el n\u00famero 213. N.I.F. G25047069. A la web www.fundaciosorigue.com hi ha una serie de continguts de car\u00e0cter informatiu sobre l&#8217;activitat que la fundaci\u00f3 duu a terme i els serveris que ofereix. El seu principal objectiu \u00e9s facilitar al p\u00fablic general... Read more &raquo;\" \/>\n<meta property=\"og:url\" content=\"http:\/\/www.fundaciosorigue.com\/ca\/nota-legal\/\" \/>\n<meta property=\"og:site_name\" content=\"Fundaci\u00f3 Sorigu\u00e9\" \/>\n<meta property=\"article:modified_time\" content=\"2018-01-08T15:46:44+00:00\" \/>\n<meta name=\"twitter:card\" content=\"summary_large_image\" \/>\n<meta name=\"twitter:label1\" content=\"Temps estimat de lectura\" \/>\n\t<meta name=\"twitter:data1\" content=\"3 minuts\" \/>\n<script type=\"application\/ld+json\" class=\"yoast-schema-graph\">{\"@context\":\"https:\\\/\\\/schema.org\",\"@graph\":[{\"@type\":\"WebPage\",\"@id\":\"http:\\\/\\\/www.fundaciosorigue.com\\\/ca\\\/nota-legal\\\/\",\"url\":\"http:\\\/\\\/www.fundaciosorigue.com\\\/ca\\\/nota-legal\\\/\",\"name\":\"Nota legal - Fundaci\u00f3 Sorigu\u00e9\",\"isPartOf\":{\"@id\":\"https:\\\/\\\/www.fundaciosorigue.com\\\/#website\"},\"datePublished\":\"2016-06-14T00:27:00+00:00\",\"dateModified\":\"2018-01-08T15:46:44+00:00\",\"breadcrumb\":{\"@id\":\"http:\\\/\\\/www.fundaciosorigue.com\\\/ca\\\/nota-legal\\\/#breadcrumb\"},\"inLanguage\":\"ca\",\"potentialAction\":[{\"@type\":\"ReadAction\",\"target\":[\"http:\\\/\\\/www.fundaciosorigue.com\\\/ca\\\/nota-legal\\\/\"]}]},{\"@type\":\"BreadcrumbList\",\"@id\":\"http:\\\/\\\/www.fundaciosorigue.com\\\/ca\\\/nota-legal\\\/#breadcrumb\",\"itemListElement\":[{\"@type\":\"ListItem\",\"position\":1,\"name\":\"Portada\",\"item\":\"http:\\\/\\\/www.fundaciosorigue.com\\\/ca\\\/\"},{\"@type\":\"ListItem\",\"position\":2,\"name\":\"Nota legal\"}]},{\"@type\":\"WebSite\",\"@id\":\"https:\\\/\\\/www.fundaciosorigue.com\\\/#website\",\"url\":\"https:\\\/\\\/www.fundaciosorigue.com\\\/\",\"name\":\"Fundaci\u00f3 Sorigu\u00e9\",\"description\":\"Fundaci\u00f3 d&#039;art contemporani de Lleida\",\"potentialAction\":[{\"@type\":\"SearchAction\",\"target\":{\"@type\":\"EntryPoint\",\"urlTemplate\":\"https:\\\/\\\/www.fundaciosorigue.com\\\/?s={search_term_string}\"},\"query-input\":{\"@type\":\"PropertyValueSpecification\",\"valueRequired\":true,\"valueName\":\"search_term_string\"}}],\"inLanguage\":\"ca\"}]}<\/script>\n<!-- \/ Yoast SEO plugin. -->","yoast_head_json":{"title":"Nota legal - Fundaci\u00f3 Sorigu\u00e9","robots":{"index":"index","follow":"follow","max-snippet":"max-snippet:-1","max-image-preview":"max-image-preview:large","max-video-preview":"max-video-preview:-1"},"canonical":"http:\/\/www.fundaciosorigue.com\/ca\/nota-legal\/","og_locale":"ca_ES","og_type":"article","og_title":"Nota legal - Fundaci\u00f3 Sorigu\u00e9","og_description":"DADES GENERALS Fundaci\u00f3 Privada Sorigu\u00e9 est\u00e0 inscrita al Registre de Fundacions Privades de Catalunya amb el n\u00famero 213. N.I.F. G25047069. A la web www.fundaciosorigue.com hi ha una serie de continguts de car\u00e0cter informatiu sobre l&#8217;activitat que la fundaci\u00f3 duu a terme i els serveris que ofereix. El seu principal objectiu \u00e9s facilitar al p\u00fablic general... Read more &raquo;","og_url":"http:\/\/www.fundaciosorigue.com\/ca\/nota-legal\/","og_site_name":"Fundaci\u00f3 Sorigu\u00e9","article_modified_time":"2018-01-08T15:46:44+00:00","twitter_card":"summary_large_image","twitter_misc":{"Temps estimat de lectura":"3 minuts"},"schema":{"@context":"https:\/\/schema.org","@graph":[{"@type":"WebPage","@id":"http:\/\/www.fundaciosorigue.com\/ca\/nota-legal\/","url":"http:\/\/www.fundaciosorigue.com\/ca\/nota-legal\/","name":"Nota legal - Fundaci\u00f3 Sorigu\u00e9","isPartOf":{"@id":"https:\/\/www.fundaciosorigue.com\/#website"},"datePublished":"2016-06-14T00:27:00+00:00","dateModified":"2018-01-08T15:46:44+00:00","breadcrumb":{"@id":"http:\/\/www.fundaciosorigue.com\/ca\/nota-legal\/#breadcrumb"},"inLanguage":"ca","potentialAction":[{"@type":"ReadAction","target":["http:\/\/www.fundaciosorigue.com\/ca\/nota-legal\/"]}]},{"@type":"BreadcrumbList","@id":"http:\/\/www.fundaciosorigue.com\/ca\/nota-legal\/#breadcrumb","itemListElement":[{"@type":"ListItem","position":1,"name":"Portada","item":"http:\/\/www.fundaciosorigue.com\/ca\/"},{"@type":"ListItem","position":2,"name":"Nota legal"}]},{"@type":"WebSite","@id":"https:\/\/www.fundaciosorigue.com\/#website","url":"https:\/\/www.fundaciosorigue.com\/","name":"Fundaci\u00f3 Sorigu\u00e9","description":"Fundaci\u00f3 d&#039;art contemporani de Lleida","potentialAction":[{"@type":"SearchAction","target":{"@type":"EntryPoint","urlTemplate":"https:\/\/www.fundaciosorigue.com\/?s={search_term_string}"},"query-input":{"@type":"PropertyValueSpecification","valueRequired":true,"valueName":"search_term_string"}}],"inLanguage":"ca"}]}},"_links":{"self":[{"href":"https:\/\/fundaciosorigue.com\/ca\/wp-json\/wp\/v2\/pages\/139\/"}],"collection":[{"href":"https:\/\/fundaciosorigue.com\/ca\/wp-json\/wp\/v2\/pages\/"}],"about":[{"href":"https:\/\/fundaciosorigue.com\/ca\/wp-json\/wp\/v2\/types\/page\/"}],"author":[{"embeddable":true,"href":"https:\/\/fundaciosorigue.com\/ca\/wp-json\/wp\/v2\/users\/1\/"}],"replies":[{"embeddable":true,"href":"https:\/\/fundaciosorigue.com\/ca\/wp-json\/wp\/v2\/comments\/?post=139"}],"version-history":[{"count":0,"href":"https:\/\/fundaciosorigue.com\/ca\/wp-json\/wp\/v2\/pages\/139\/revisions\/"}],"wp:attachment":[{"href":"https:\/\/fundaciosorigue.com\/ca\/wp-json\/wp\/v2\/media\/?parent=139"}],"curies":[{"name":"wp","href":"https:\/\/api.w.org\/{rel}","templated":true}]}}